{"id":1259,"date":"2017-11-20T09:59:06","date_gmt":"2017-11-20T09:59:06","guid":{"rendered":"http:\/\/www.almetal.de\/wordpress\/?page_id=1259"},"modified":"2019-02-19T06:13:41","modified_gmt":"2019-02-19T06:13:41","slug":"deckhengste","status":"publish","type":"page","link":"http:\/\/www.almetal.de\/wordpress\/?page_id=1259","title":{"rendered":"Deckhengste"},"content":{"rendered":"<h1 id=\"cc-m-header-9627457850\" class=\"\">Fannar fr\u00e1 Kvistum DE 402027912003:<\/h1>\n<p><strong>2019 deckt dieser Hengst auf Almetal!<\/strong><\/p>\n<p><u><strong>\u00dcber Fannar<\/strong><br \/>\n<\/u><\/p>\n<div id=\"cc-m-9627463250\" class=\"j-module n j-header \">\n<h3 class=\"\">Fannar ist einer der h\u00f6chstbewertesten Hengste Deutschlands.<\/h3>\n<h3 id=\"cc-m-header-9627463250\" class=\"\">Zuchtbewertung FIZO 2010<\/h3>\n<\/div>\n<div id=\"cc-m-9627465350\" class=\"j-module n j-table \">\n<table class=\"mceEditable\" style=\"height: 109px;\" border=\"0\" width=\"889\" cellspacing=\"0\" cellpadding=\"3\" align=\"\">\n<tbody>\n<tr>\n<td><strong>Kopf<\/strong><\/td>\n<td><strong>Hals<\/strong><\/td>\n<td><strong>R\u00fccken<\/strong><\/td>\n<td><strong>Prop.<\/strong><\/td>\n<td><strong>Beine<\/strong><\/td>\n<td><strong>Gelenke<\/strong><\/td>\n<td><strong>Hufe<\/strong><\/td>\n<td><strong>M\u00e4hne<\/strong><\/td>\n<\/tr>\n<tr>\n<td>\u00a08,5<\/td>\n<td>\u00a08,5<\/td>\n<td>\u00a08<\/td>\n<td>\u00a09<\/td>\n<td>\u00a09<\/td>\n<td>\u00a07<\/td>\n<td>\u00a07<\/td>\n<td>\u00a09<\/td>\n<\/tr>\n<tr>\n<td><strong>T\u00f6lt<\/strong><\/td>\n<td><strong>Trab<\/strong><\/td>\n<td><strong>Pass<\/strong><\/td>\n<td><strong>Galopp<\/strong><\/td>\n<td><strong>Char.<\/strong><\/td>\n<td><strong>Form<\/strong><\/td>\n<td><strong>Schritt<\/strong><\/td>\n<td><\/td>\n<\/tr>\n<tr>\n<td>\u00a09<\/td>\n<td>9<\/td>\n<td>8,5<\/td>\n<td>\u00a09<\/td>\n<td>9<\/td>\n<td>\u00a09,5<\/td>\n<td>8<\/td>\n<td><\/td>\n<\/tr>\n<\/tbody>\n<\/table>\n<\/div>\n<div id=\"cc-m-9627479750\" class=\"j-module n j-hgrid \">\n<div class=\"cc-m-hgrid-column\">\n<div id=\"cc-matrix-2201211850\">\n<div id=\"cc-m-9627489850\" class=\"j-module n j-text \">\n<p><strong>Langsamer T\u00f6lt: 8,5<br \/>\n<\/strong><\/p>\n<p><strong>Langsamer Galopp: 9<br \/>\n<\/strong><\/p>\n<p><strong>Exterieur 8,31<br \/>\n<\/strong><\/p>\n<p><strong>Reiteigenschaften: 8,93<br \/>\n<\/strong><\/p>\n<p>&nbsp;<\/p>\n<p><strong>Sport (Eigenleistung): <\/strong><\/p>\n<\/div>\n<\/div>\n<\/div>\n<p><strong>Fannar war 2017 in der Deutschen Equipe der Weltmeisterschaft. Er startete im F\u00fcngang, gewann das B-Finale und erreichte im A-Finale\u00a0 mit seiner Reiterin Jana K\u00f6the<\/strong><\/div>\n<p><strong>Nachkommen:<\/strong><\/p>\n<p><strong> Seine Nachkommen bestechen: <\/strong><\/p>\n<ul>\n<li><strong>\u00d3\u00f0inn (aus der \u00d3skad\u00eds vom Habichtswald): Deutscher Meister F\u00fcnfgang 2018, FIZO RE: 8,98, EX: 8,43 GES: 8,76<\/strong><\/li>\n<li><strong>Fagur vom Schlo\u00dfberg (8,30)<\/strong><\/li>\n<li><strong>T\u00f3fa von der Igelsburg (8,31)<\/strong><\/li>\n<li><strong>\u00d3\u00f0inn vom Habichtswald (8,33)<\/strong><\/li>\n<li><strong>Pr\u00fa\u00f0 vom Habichtswald (8,13)<\/strong><\/li>\n<li><strong>Ei\u00f0ur vom Kronshof (8,03)<\/strong>\n<p><strong>Seine Nachkommen \u00fcberzeugen durch ihren kooperativer Charakter, ihre hochweite G\u00e4nge, phantastischen T\u00f6lt bei gutem Geb\u00e4ude und mit sch\u00f6nem Langhaar<\/strong><\/li>\n<\/ul>\n<p><strong>Fannar auf Almetal:<\/strong><\/p>\n<p><strong>Fannar deckt vom 01.06. &#8211; 20.07.2019 auf Almetal<\/strong><\/p>\n<p><strong>Unsere Fannar-Nachkommen:<\/strong><\/p>\n<p><strong>Fagur vom Almetal:<\/strong><\/p>\n<p><strong>Futurity T\u00f6lt: 7,3 Futurity Viergang 7,1 <\/strong><\/p>\n<p><strong>Weitere Fannarnachkommen werden derzeit eingeritten und wir sind begeistert!<\/strong><\/p>\n","protected":false},"excerpt":{"rendered":"<p>Fannar fr\u00e1 Kvistum DE 402027912003: 2019 deckt dieser Hengst auf Almetal! \u00dcber Fannar Fannar ist einer der h\u00f6chstbewertesten Hengste Deutschlands. Zuchtbewertung FIZO 2010 Kopf Hals [&#8230;]<\/p>\n","protected":false},"author":2,"featured_media":0,"parent":0,"menu_order":25,"comment_status":"closed","ping_status":"closed","template":"","meta":{"footnotes":""},"class_list":["post-1259","page","type-page","status-publish","hentry"],"_links":{"self":[{"href":"http:\/\/www.almetal.de\/wordpress\/index.php?rest_route=\/wp\/v2\/pages\/1259","targetHints":{"allow":["GET"]}}],"collection":[{"href":"http:\/\/www.almetal.de\/wordpress\/index.php?rest_route=\/wp\/v2\/pages"}],"about":[{"href":"http:\/\/www.almetal.de\/wordpress\/index.php?rest_route=\/wp\/v2\/types\/page"}],"author":[{"embeddable":true,"href":"http:\/\/www.almetal.de\/wordpress\/index.php?rest_route=\/wp\/v2\/users\/2"}],"replies":[{"embeddable":true,"href":"http:\/\/www.almetal.de\/wordpress\/index.php?rest_route=%2Fwp%2Fv2%2Fcomments&post=1259"}],"version-history":[{"count":13,"href":"http:\/\/www.almetal.de\/wordpress\/index.php?rest_route=\/wp\/v2\/pages\/1259\/revisions"}],"predecessor-version":[{"id":1545,"href":"http:\/\/www.almetal.de\/wordpress\/index.php?rest_route=\/wp\/v2\/pages\/1259\/revisions\/1545"}],"wp:attachment":[{"href":"http:\/\/www.almetal.de\/wordpress\/index.php?rest_route=%2Fwp%2Fv2%2Fmedia&parent=1259"}],"curies":[{"name":"wp","href":"https:\/\/api.w.org\/{rel}","templated":true}]}}