{"id":35,"date":"2011-11-20T11:22:12","date_gmt":"2011-11-20T11:22:12","guid":{"rendered":"http:\/\/www.almetal.de\/wordpress\/?page_id=35"},"modified":"2025-09-04T12:44:31","modified_gmt":"2025-09-04T12:44:31","slug":"pferdepension","status":"publish","type":"page","link":"http:\/\/www.almetal.de\/wordpress\/?page_id=35","title":{"rendered":"Pferdepension"},"content":{"rendered":"<h2>Gepflegte 5- Sterne Anlage f\u00fcr Reiter und Pferd<\/h2>\n<figure id=\"attachment_60\" aria-describedby=\"caption-attachment-60\" style=\"width: 300px\" class=\"wp-caption alignleft\"><a href=\"http:\/\/www.almetal.de\/wordpress\/wp-content\/uploads\/2011\/11\/hof1_20080731.jpg\"><img loading=\"lazy\" decoding=\"async\" class=\"size-medium wp-image-60\" title=\"Der Hof von oben\" src=\"http:\/\/www.almetal.de\/wordpress\/wp-content\/uploads\/2011\/11\/hof1_20080731-300x225.jpg\" alt=\"Der Hof von oben\" width=\"300\" height=\"225\" srcset=\"http:\/\/www.almetal.de\/wordpress\/wp-content\/uploads\/2011\/11\/hof1_20080731-300x225.jpg 300w, http:\/\/www.almetal.de\/wordpress\/wp-content\/uploads\/2011\/11\/hof1_20080731.jpg 800w\" sizes=\"auto, (max-width: 300px) 100vw, 300px\" \/><\/a><figcaption id=\"caption-attachment-60\" class=\"wp-caption-text\">Der Hof von oben<\/figcaption><\/figure>\n<p>Wir bieten Pensionspl\u00e4tze f\u00fcr Islandpferde auf unserer gepflegten Anlage. Im Sommer erhalten die Pferde Weidegang auf unseren mit Elektrodraht eigez\u00e4unten Weiden. Im Winter halten wir die Pferde im Offenstall mit befestigten Paddocks. Die F\u00fctterung geschieht \u00fcber seperate Fresst\u00e4nder mit Heulage. Die Pferde erhalten neben der Heulage ganzj\u00e4hrig Stroh adlibitum. Kraftfutter ist im Preis enthalten. Unserer Betrieb ist f\u00fcr artgerechte Pferdehaltung mit 5 Sternen zertifiziert und ausgezeichnet.<\/p>\n<p>&nbsp;<\/p>\n<p><a href=\"http:\/\/www.almetal.de\/wordpress\/wp-content\/uploads\/2011\/11\/5-Sterne.jpg\"><img loading=\"lazy\" decoding=\"async\" class=\"alignleft size-medium wp-image-1047\" src=\"http:\/\/www.almetal.de\/wordpress\/wp-content\/uploads\/2011\/11\/5-Sterne-300x212.jpg\" alt=\"5-sterne\" width=\"300\" height=\"212\" srcset=\"http:\/\/www.almetal.de\/wordpress\/wp-content\/uploads\/2011\/11\/5-Sterne-300x212.jpg 300w, http:\/\/www.almetal.de\/wordpress\/wp-content\/uploads\/2011\/11\/5-Sterne-768x543.jpg 768w, http:\/\/www.almetal.de\/wordpress\/wp-content\/uploads\/2011\/11\/5-Sterne.jpg 857w\" sizes=\"auto, (max-width: 300px) 100vw, 300px\" \/><\/a>Der Bestand wird zeitgleich, mind. 4 mal im Jahr entwurmt. Die Auswahl der Pr\u00e4parate erfolgt in Abstimmung mit der <a href=\"http:\/\/www.tierklinik-sarstedt.de\/\">Tierklinik in Sarstedt<\/a>.<\/p>\n<p>&nbsp;<\/p>\n<figure id=\"attachment_63\" aria-describedby=\"caption-attachment-63\" style=\"width: 300px\" class=\"wp-caption alignright\"><a href=\"http:\/\/www.almetal.de\/wordpress\/wp-content\/uploads\/2011\/11\/HPIM1016.jpg\"><img loading=\"lazy\" decoding=\"async\" class=\"size-medium wp-image-63\" title=\"Die Ovalbahn\" src=\"http:\/\/www.almetal.de\/wordpress\/wp-content\/uploads\/2011\/11\/HPIM1016-300x225.jpg\" alt=\"Die Ovalbahn\" width=\"300\" height=\"225\" srcset=\"http:\/\/www.almetal.de\/wordpress\/wp-content\/uploads\/2011\/11\/HPIM1016-300x225.jpg 300w, http:\/\/www.almetal.de\/wordpress\/wp-content\/uploads\/2011\/11\/HPIM1016.jpg 800w\" sizes=\"auto, (max-width: 300px) 100vw, 300px\" \/><\/a><figcaption id=\"caption-attachment-63\" class=\"wp-caption-text\">Die Ovalbahn<\/figcaption><\/figure>\n<p>&nbsp;<\/p>\n<p>&nbsp;<\/p>\n<p>&nbsp;<\/p>\n<p>&nbsp;<\/p>\n<p>Unsere Anlage verf\u00fcgt \u00fcber eine Reithalle (20x40m), einen beleuchteten Reitplatz (20x40m), einen beleuchteten Roundpen, \u00fcberdachte Putzpl\u00e4tze, Waschst\u00e4nder, Boxen, kleine Extrapaddocks, eine Ovalbahn (200m), 2 Sattelkammmern, Aufenthaltsraum mit Toilette, ein Laufband, eine F\u00fchranlage und ein Solarium.<\/p>\n<p>Am Hof sind mehrere Trainer aktiv. Die Leitung hat Regina Eckert (IPZV Trainer A, Pferdewirtschaftsmeisterin). Es finden weiterhin regelm\u00e4\u00dfig Kurse mit externen Trainern statt.<\/p>\n","protected":false},"excerpt":{"rendered":"<p>Gepflegte 5- Sterne Anlage f\u00fcr Reiter und Pferd Wir bieten Pensionspl\u00e4tze f\u00fcr Islandpferde auf unserer gepflegten Anlage. Im Sommer erhalten die Pferde Weidegang auf unseren [&#8230;]<\/p>\n","protected":false},"author":1,"featured_media":0,"parent":0,"menu_order":20,"comment_status":"closed","ping_status":"closed","template":"","meta":{"footnotes":""},"class_list":["post-35","page","type-page","status-publish","hentry"],"_links":{"self":[{"href":"http:\/\/www.almetal.de\/wordpress\/index.php?rest_route=\/wp\/v2\/pages\/35","targetHints":{"allow":["GET"]}}],"collection":[{"href":"http:\/\/www.almetal.de\/wordpress\/index.php?rest_route=\/wp\/v2\/pages"}],"about":[{"href":"http:\/\/www.almetal.de\/wordpress\/index.php?rest_route=\/wp\/v2\/types\/page"}],"author":[{"embeddable":true,"href":"http:\/\/www.almetal.de\/wordpress\/index.php?rest_route=\/wp\/v2\/users\/1"}],"replies":[{"embeddable":true,"href":"http:\/\/www.almetal.de\/wordpress\/index.php?rest_route=%2Fwp%2Fv2%2Fcomments&post=35"}],"version-history":[{"count":25,"href":"http:\/\/www.almetal.de\/wordpress\/index.php?rest_route=\/wp\/v2\/pages\/35\/revisions"}],"predecessor-version":[{"id":2815,"href":"http:\/\/www.almetal.de\/wordpress\/index.php?rest_route=\/wp\/v2\/pages\/35\/revisions\/2815"}],"wp:attachment":[{"href":"http:\/\/www.almetal.de\/wordpress\/index.php?rest_route=%2Fwp%2Fv2%2Fmedia&parent=35"}],"curies":[{"name":"wp","href":"https:\/\/api.w.org\/{rel}","templated":true}]}}