{"id":699,"date":"2017-12-28T20:51:29","date_gmt":"2017-12-28T20:51:29","guid":{"rendered":"http:\/\/www.almetal.de\/wordpress\/?page_id=699"},"modified":"2025-04-07T09:50:23","modified_gmt":"2025-04-07T09:50:23","slug":"die-anlage","status":"publish","type":"page","link":"http:\/\/www.almetal.de\/wordpress\/?page_id=699","title":{"rendered":"Die Anlage"},"content":{"rendered":"<p style=\"text-align: left;\">Im Mittelpunkt der Anlage befindet sich die helle luftige Reithalle (helles Dach).<\/p>\n<p style=\"text-align: left;\">Die Stallungen vor der Reithalle werden von den Pferden unserer Einsteller bewohnt. Die Herden sind in Stuten und Wallache getrennt.<\/p>\n<p>Das beleuchtete Viereck, welches vor dem Stallgeb\u00e4ude zu erkennen ist <a href=\"http:\/\/www.almetal.de\/wordpress\/wp-content\/uploads\/2017\/12\/almetal_1_1_2-1.jpg\"><img loading=\"lazy\" decoding=\"async\" class=\"alignleft wp-image-1436 \" src=\"http:\/\/www.almetal.de\/wordpress\/wp-content\/uploads\/2017\/12\/almetal_1_1_2-1.jpg\" alt=\"\" width=\"344\" height=\"275\" srcset=\"http:\/\/www.almetal.de\/wordpress\/wp-content\/uploads\/2017\/12\/almetal_1_1_2-1.jpg 649w, http:\/\/www.almetal.de\/wordpress\/wp-content\/uploads\/2017\/12\/almetal_1_1_2-1-300x240.jpg 300w\" sizes=\"auto, (max-width: 344px) 100vw, 344px\" \/><\/a>wird im Sommer vorrangig zum Longieren, wie auch als Fl\u00e4che f\u00fcr die Pferde zum w\u00e4lzen verwendet. Im Winter bietet diese Fl\u00e4che den Pferden ausreichend Platz zum Spielen, wenn sie nicht auf die Weiden k\u00f6nnen.<\/p>\n<p>Auf der linken Seite des Stallgeb\u00e4udes befinden sich die Ausl\u00e4ufe der Pferde und auf der rechten Seite gibt es Sattelkammern f\u00fcr unsere Einsteller, ein Solarium, wie auch ein Reiterstube zum abhalten von Lehrg\u00e4ngen und dem Kinderferien-Programm.<\/p>\n<p>Rechts, im Schutz der B\u00e4ume ein Longierzirkel und ein kleiner Teich der im Sommer zum Verweilen einl\u00e4dt.<\/p>\n<p>&nbsp;<\/p>\n<div id=\"yui3-css-stamp\" style=\"position: absolute !important; visibility: hidden !important;\"><\/div>\n<div id=\"s2s\">\n<div id=\"s2s-flyout\" class=\"s2s-flyout-row dialog-box bottom\" style=\"left: 0px; top: -38px;\">\n<div id=\"hover-mask\"><\/div>\n<div><a href=\"http:\/\/www.almetal.de\/wordpress\/wp-content\/uploads\/2017\/12\/almetal-mit-Ovalbahn-klein-1.jpg\"><img loading=\"lazy\" decoding=\"async\" class=\"alignleft  wp-image-1428\" src=\"http:\/\/www.almetal.de\/wordpress\/wp-content\/uploads\/2017\/12\/almetal-mit-Ovalbahn-klein-1-300x200.jpg\" alt=\"\" width=\"356\" height=\"237\" srcset=\"http:\/\/www.almetal.de\/wordpress\/wp-content\/uploads\/2017\/12\/almetal-mit-Ovalbahn-klein-1-300x200.jpg 300w, http:\/\/www.almetal.de\/wordpress\/wp-content\/uploads\/2017\/12\/almetal-mit-Ovalbahn-klein-1.jpg 674w\" sizes=\"auto, (max-width: 356px) 100vw, 356px\" \/><\/a><\/div>\n<p>Unsere Reitanlage bietet nicht nur eine Reithalle und einen Au\u00dfenreitplatz, sondern auch eine Ovalbahn die nur 150m entfernt liegt. Auf dem Bild oben rechts zu erkennen. Das Gel\u00e4nde l\u00e4sst sich wunderbar mit dem Pferd entdecken und bietet sch\u00f6ne Ausreit-M\u00f6glichkeiten.<\/p>\n<\/div>\n<p>&nbsp;<\/p>\n<\/div>\n","protected":false},"excerpt":{"rendered":"<p>Im Mittelpunkt der Anlage befindet sich die helle luftige Reithalle (helles Dach). Die Stallungen vor der Reithalle werden von den Pferden unserer Einsteller bewohnt. Die [&#8230;]<\/p>\n","protected":false},"author":2,"featured_media":0,"parent":0,"menu_order":0,"comment_status":"closed","ping_status":"closed","template":"","meta":{"footnotes":""},"class_list":["post-699","page","type-page","status-publish","hentry"],"_links":{"self":[{"href":"http:\/\/www.almetal.de\/wordpress\/index.php?rest_route=\/wp\/v2\/pages\/699","targetHints":{"allow":["GET"]}}],"collection":[{"href":"http:\/\/www.almetal.de\/wordpress\/index.php?rest_route=\/wp\/v2\/pages"}],"about":[{"href":"http:\/\/www.almetal.de\/wordpress\/index.php?rest_route=\/wp\/v2\/types\/page"}],"author":[{"embeddable":true,"href":"http:\/\/www.almetal.de\/wordpress\/index.php?rest_route=\/wp\/v2\/users\/2"}],"replies":[{"embeddable":true,"href":"http:\/\/www.almetal.de\/wordpress\/index.php?rest_route=%2Fwp%2Fv2%2Fcomments&post=699"}],"version-history":[{"count":10,"href":"http:\/\/www.almetal.de\/wordpress\/index.php?rest_route=\/wp\/v2\/pages\/699\/revisions"}],"predecessor-version":[{"id":2812,"href":"http:\/\/www.almetal.de\/wordpress\/index.php?rest_route=\/wp\/v2\/pages\/699\/revisions\/2812"}],"wp:attachment":[{"href":"http:\/\/www.almetal.de\/wordpress\/index.php?rest_route=%2Fwp%2Fv2%2Fmedia&parent=699"}],"curies":[{"name":"wp","href":"https:\/\/api.w.org\/{rel}","templated":true}]}}