{"id":1314,"date":"2017-11-20T11:17:22","date_gmt":"2017-11-20T11:17:22","guid":{"rendered":"http:\/\/www.almetal.de\/wordpress\/?page_id=1314"},"modified":"2017-11-20T11:21:32","modified_gmt":"2017-11-20T11:21:32","slug":"roundpen","status":"publish","type":"page","link":"https:\/\/www.almetal.de\/wordpress\/?page_id=1314","title":{"rendered":"Roundpen"},"content":{"rendered":"<p>Unser beleuchtetes Roundpen ist optimal f\u00fcr die Arbeit an der Longe und f\u00fcr die Ausbildung von Jungpferden. Der Roundpen liegt direkt an der Hofanlage und ist \u00fcber eine kleine Br\u00fccker erreichbar. Die Verletzunggefahr an der Einz\u00e4nung ist durch die Rundumeinfassung mit Gummimatten auf ein Minimum reduziert. 2018 soll die Tretschicht erneuert werden. Nat\u00fcrlich ist das Roundpen beleuchtet und steht allen Einstellern zur Verf\u00fcgung<\/p>\n<p><a href=\"http:\/\/www.almetal.de\/wordpress\/wp-content\/uploads\/2017\/11\/Zirkel.jpg\"><img loading=\"lazy\" decoding=\"async\" class=\"alignleft size-medium wp-image-1321\" src=\"http:\/\/www.almetal.de\/wordpress\/wp-content\/uploads\/2017\/11\/Zirkel-300x225.jpg\" alt=\"\" width=\"300\" height=\"225\" srcset=\"https:\/\/www.almetal.de\/wordpress\/wp-content\/uploads\/2017\/11\/Zirkel-300x225.jpg 300w, https:\/\/www.almetal.de\/wordpress\/wp-content\/uploads\/2017\/11\/Zirkel.jpg 320w\" sizes=\"auto, (max-width: 300px) 100vw, 300px\" \/><\/a><a href=\"http:\/\/www.almetal.de\/wordpress\/wp-content\/uploads\/2017\/11\/Vina-und-Hof-020.jpg\"><img loading=\"lazy\" decoding=\"async\" class=\"alignleft size-medium wp-image-1324\" src=\"http:\/\/www.almetal.de\/wordpress\/wp-content\/uploads\/2017\/11\/Vina-und-Hof-020-300x225.jpg\" alt=\"\" width=\"300\" height=\"225\" srcset=\"https:\/\/www.almetal.de\/wordpress\/wp-content\/uploads\/2017\/11\/Vina-und-Hof-020-300x225.jpg 300w, https:\/\/www.almetal.de\/wordpress\/wp-content\/uploads\/2017\/11\/Vina-und-Hof-020-768x576.jpg 768w, https:\/\/www.almetal.de\/wordpress\/wp-content\/uploads\/2017\/11\/Vina-und-Hof-020-1024x768.jpg 1024w\" sizes=\"auto, (max-width: 300px) 100vw, 300px\" \/><\/a><\/p>\n","protected":false},"excerpt":{"rendered":"<p>Unser beleuchtetes Roundpen ist optimal f\u00fcr die Arbeit an der Longe und f\u00fcr die Ausbildung von Jungpferden. Der Roundpen liegt direkt an der Hofanlage und [&#8230;]<\/p>\n","protected":false},"author":2,"featured_media":0,"parent":0,"menu_order":99,"comment_status":"closed","ping_status":"closed","template":"","meta":{"footnotes":""},"class_list":["post-1314","page","type-page","status-publish","hentry"],"_links":{"self":[{"href":"https:\/\/www.almetal.de\/wordpress\/index.php?rest_route=\/wp\/v2\/pages\/1314","targetHints":{"allow":["GET"]}}],"collection":[{"href":"https:\/\/www.almetal.de\/wordpress\/index.php?rest_route=\/wp\/v2\/pages"}],"about":[{"href":"https:\/\/www.almetal.de\/wordpress\/index.php?rest_route=\/wp\/v2\/types\/page"}],"author":[{"embeddable":true,"href":"https:\/\/www.almetal.de\/wordpress\/index.php?rest_route=\/wp\/v2\/users\/2"}],"replies":[{"embeddable":true,"href":"https:\/\/www.almetal.de\/wordpress\/index.php?rest_route=%2Fwp%2Fv2%2Fcomments&post=1314"}],"version-history":[{"count":5,"href":"https:\/\/www.almetal.de\/wordpress\/index.php?rest_route=\/wp\/v2\/pages\/1314\/revisions"}],"predecessor-version":[{"id":1540,"href":"https:\/\/www.almetal.de\/wordpress\/index.php?rest_route=\/wp\/v2\/pages\/1314\/revisions\/1540"}],"wp:attachment":[{"href":"https:\/\/www.almetal.de\/wordpress\/index.php?rest_route=%2Fwp%2Fv2%2Fmedia&parent=1314"}],"curies":[{"name":"wp","href":"https:\/\/api.w.org\/{rel}","templated":true}]}}