{"id":1326,"date":"2017-11-20T11:33:06","date_gmt":"2017-11-20T11:33:06","guid":{"rendered":"http:\/\/www.almetal.de\/wordpress\/?page_id=1326"},"modified":"2017-11-20T14:04:55","modified_gmt":"2017-11-20T14:04:55","slug":"sonstiges","status":"publish","type":"page","link":"https:\/\/www.almetal.de\/wordpress\/?page_id=1326","title":{"rendered":"Sonstiges"},"content":{"rendered":"<p>Neben den Pl\u00e4tzen stehen unseren Einstellern folgende Ger\u00e4te und Anlagen zur Verf\u00fcgung:<\/p>\n<ul>\n<li>Laufband<\/li>\n<li>Solarium<\/li>\n<li>Waschmaschine f\u00fcr Pferdeartikel<\/li>\n<li>Reiterstube mit K\u00fcche<\/li>\n<li>moderne Sattelkammern<\/li>\n<li>\u00dcberdachte Putzpl\u00e4tze<\/li>\n<li>Waschst\u00e4nder<\/li>\n<li>Verkaufsshop f\u00fcr den t\u00e4glichen Ausr\u00fcstungsbedarf<\/li>\n<\/ul>\n<p>Hier eine kleine Fotosammlung von unseren besonderen Extras:<\/p>\n<figure id=\"attachment_110\" aria-describedby=\"caption-attachment-110\" style=\"width: 300px\" class=\"wp-caption alignleft\"><a href=\"http:\/\/www.almetal.de\/wordpress\/wp-content\/uploads\/2011\/10\/015.jpg\"><img loading=\"lazy\" decoding=\"async\" class=\"size-medium wp-image-110\" src=\"http:\/\/www.almetal.de\/wordpress\/wp-content\/uploads\/2011\/10\/015-300x224.jpg\" alt=\"Das Laufband\" width=\"300\" height=\"224\" srcset=\"https:\/\/www.almetal.de\/wordpress\/wp-content\/uploads\/2011\/10\/015-300x224.jpg 300w, https:\/\/www.almetal.de\/wordpress\/wp-content\/uploads\/2011\/10\/015-1024x765.jpg 1024w, https:\/\/www.almetal.de\/wordpress\/wp-content\/uploads\/2011\/10\/015.jpg 1028w\" sizes=\"auto, (max-width: 300px) 100vw, 300px\" \/><\/a><figcaption id=\"caption-attachment-110\" class=\"wp-caption-text\">Das Laufband<\/figcaption><\/figure>\n<figure id=\"attachment_1327\" aria-describedby=\"caption-attachment-1327\" style=\"width: 225px\" class=\"wp-caption alignleft\"><a href=\"http:\/\/www.almetal.de\/wordpress\/wp-content\/uploads\/2017\/11\/Vina-und-Hof-035.jpg\"><img loading=\"lazy\" decoding=\"async\" class=\"wp-image-1327 size-medium\" src=\"http:\/\/www.almetal.de\/wordpress\/wp-content\/uploads\/2017\/11\/Vina-und-Hof-035-225x300.jpg\" alt=\"\" width=\"225\" height=\"300\" srcset=\"https:\/\/www.almetal.de\/wordpress\/wp-content\/uploads\/2017\/11\/Vina-und-Hof-035-225x300.jpg 225w, https:\/\/www.almetal.de\/wordpress\/wp-content\/uploads\/2017\/11\/Vina-und-Hof-035-768x1024.jpg 768w, https:\/\/www.almetal.de\/wordpress\/wp-content\/uploads\/2017\/11\/Vina-und-Hof-035.jpg 1944w\" sizes=\"auto, (max-width: 225px) 100vw, 225px\" \/><\/a><figcaption id=\"caption-attachment-1327\" class=\"wp-caption-text\">Das Laufband<\/figcaption><\/figure>\n<p>&nbsp;<\/p>\n<figure id=\"attachment_691\" aria-describedby=\"caption-attachment-691\" style=\"width: 225px\" class=\"wp-caption alignleft\"><a href=\"http:\/\/www.almetal.de\/wordpress\/wp-content\/uploads\/2015\/11\/Sattelkammer.jpg\"><img loading=\"lazy\" decoding=\"async\" class=\"wp-image-691 size-medium\" src=\"http:\/\/www.almetal.de\/wordpress\/wp-content\/uploads\/2015\/11\/Sattelkammer-225x300.jpg\" alt=\"\" width=\"225\" height=\"300\" srcset=\"https:\/\/www.almetal.de\/wordpress\/wp-content\/uploads\/2015\/11\/Sattelkammer-225x300.jpg 225w, https:\/\/www.almetal.de\/wordpress\/wp-content\/uploads\/2015\/11\/Sattelkammer.jpg 240w\" sizes=\"auto, (max-width: 225px) 100vw, 225px\" \/><\/a><figcaption id=\"caption-attachment-691\" class=\"wp-caption-text\">Pensionspferdesattelkammer<\/figcaption><\/figure>\n<p>&nbsp;<\/p>\n<figure id=\"attachment_690\" aria-describedby=\"caption-attachment-690\" style=\"width: 225px\" class=\"wp-caption alignleft\"><a href=\"http:\/\/www.almetal.de\/wordpress\/wp-content\/uploads\/2015\/11\/Sattelkammer-2.jpg\"><img loading=\"lazy\" decoding=\"async\" class=\"wp-image-690 size-medium\" src=\"http:\/\/www.almetal.de\/wordpress\/wp-content\/uploads\/2015\/11\/Sattelkammer-2-225x300.jpg\" alt=\"\" width=\"225\" height=\"300\" srcset=\"https:\/\/www.almetal.de\/wordpress\/wp-content\/uploads\/2015\/11\/Sattelkammer-2-225x300.jpg 225w, https:\/\/www.almetal.de\/wordpress\/wp-content\/uploads\/2015\/11\/Sattelkammer-2.jpg 240w\" sizes=\"auto, (max-width: 225px) 100vw, 225px\" \/><\/a><figcaption id=\"caption-attachment-690\" class=\"wp-caption-text\">Pensionspferdesattelkammer<\/figcaption><\/figure>\n<figure id=\"attachment_1356\" aria-describedby=\"caption-attachment-1356\" style=\"width: 225px\" class=\"wp-caption alignleft\"><a href=\"http:\/\/www.almetal.de\/wordpress\/wp-content\/uploads\/2017\/11\/K\u00fcche.jpg\"><img loading=\"lazy\" decoding=\"async\" class=\"wp-image-1356 size-medium\" src=\"http:\/\/www.almetal.de\/wordpress\/wp-content\/uploads\/2017\/11\/K\u00fcche-e1511181553159-225x300.jpg\" alt=\"\" width=\"225\" height=\"300\" srcset=\"https:\/\/www.almetal.de\/wordpress\/wp-content\/uploads\/2017\/11\/K\u00fcche-e1511181553159-225x300.jpg 225w, https:\/\/www.almetal.de\/wordpress\/wp-content\/uploads\/2017\/11\/K\u00fcche-e1511181553159-768x1024.jpg 768w\" sizes=\"auto, (max-width: 225px) 100vw, 225px\" \/><\/a><figcaption id=\"caption-attachment-1356\" class=\"wp-caption-text\">K\u00fcche der Reiterstube<\/figcaption><\/figure>\n<figure id=\"attachment_1359\" aria-describedby=\"caption-attachment-1359\" style=\"width: 300px\" class=\"wp-caption alignleft\"><a href=\"http:\/\/www.almetal.de\/wordpress\/wp-content\/uploads\/2017\/11\/Solarium.jpg\"><img loading=\"lazy\" decoding=\"async\" class=\"wp-image-1359 size-medium\" src=\"http:\/\/www.almetal.de\/wordpress\/wp-content\/uploads\/2017\/11\/Solarium-300x225.jpg\" alt=\"\" width=\"300\" height=\"225\" srcset=\"https:\/\/www.almetal.de\/wordpress\/wp-content\/uploads\/2017\/11\/Solarium-300x225.jpg 300w, https:\/\/www.almetal.de\/wordpress\/wp-content\/uploads\/2017\/11\/Solarium-768x576.jpg 768w, https:\/\/www.almetal.de\/wordpress\/wp-content\/uploads\/2017\/11\/Solarium-1024x768.jpg 1024w\" sizes=\"auto, (max-width: 300px) 100vw, 300px\" \/><\/a><figcaption id=\"caption-attachment-1359\" class=\"wp-caption-text\">Wellness: Solarium<\/figcaption><\/figure>\n<figure id=\"attachment_1358\" aria-describedby=\"caption-attachment-1358\" style=\"width: 300px\" class=\"wp-caption alignleft\"><a href=\"http:\/\/www.almetal.de\/wordpress\/wp-content\/uploads\/2017\/11\/Reiterstube.jpg\"><img loading=\"lazy\" decoding=\"async\" class=\"wp-image-1358 size-medium\" src=\"http:\/\/www.almetal.de\/wordpress\/wp-content\/uploads\/2017\/11\/Reiterstube-300x225.jpg\" alt=\"\" width=\"300\" height=\"225\" srcset=\"https:\/\/www.almetal.de\/wordpress\/wp-content\/uploads\/2017\/11\/Reiterstube-300x225.jpg 300w, https:\/\/www.almetal.de\/wordpress\/wp-content\/uploads\/2017\/11\/Reiterstube-768x576.jpg 768w, https:\/\/www.almetal.de\/wordpress\/wp-content\/uploads\/2017\/11\/Reiterstube-1024x768.jpg 1024w\" sizes=\"auto, (max-width: 300px) 100vw, 300px\" \/><\/a><figcaption id=\"caption-attachment-1358\" class=\"wp-caption-text\">Reiterstube und Theorieraum<\/figcaption><\/figure>\n<figure id=\"attachment_1357\" aria-describedby=\"caption-attachment-1357\" style=\"width: 300px\" class=\"wp-caption alignleft\"><a href=\"http:\/\/www.almetal.de\/wordpress\/wp-content\/uploads\/2017\/11\/Laden.jpg\"><img loading=\"lazy\" decoding=\"async\" class=\"wp-image-1357 size-medium\" src=\"http:\/\/www.almetal.de\/wordpress\/wp-content\/uploads\/2017\/11\/Laden-300x225.jpg\" alt=\"\" width=\"300\" height=\"225\" srcset=\"https:\/\/www.almetal.de\/wordpress\/wp-content\/uploads\/2017\/11\/Laden-300x225.jpg 300w, https:\/\/www.almetal.de\/wordpress\/wp-content\/uploads\/2017\/11\/Laden-768x576.jpg 768w, https:\/\/www.almetal.de\/wordpress\/wp-content\/uploads\/2017\/11\/Laden-1024x768.jpg 1024w\" sizes=\"auto, (max-width: 300px) 100vw, 300px\" \/><\/a><figcaption id=\"caption-attachment-1357\" class=\"wp-caption-text\">Der Shop<\/figcaption><\/figure>\n<figure id=\"attachment_1360\" aria-describedby=\"caption-attachment-1360\" style=\"width: 300px\" class=\"wp-caption alignleft\"><a href=\"http:\/\/www.almetal.de\/wordpress\/wp-content\/uploads\/2017\/11\/Solarium2.jpg\"><img loading=\"lazy\" decoding=\"async\" class=\"wp-image-1360 size-medium\" src=\"http:\/\/www.almetal.de\/wordpress\/wp-content\/uploads\/2017\/11\/Solarium2-300x225.jpg\" alt=\"\" width=\"300\" height=\"225\" srcset=\"https:\/\/www.almetal.de\/wordpress\/wp-content\/uploads\/2017\/11\/Solarium2-300x225.jpg 300w, https:\/\/www.almetal.de\/wordpress\/wp-content\/uploads\/2017\/11\/Solarium2-768x576.jpg 768w, https:\/\/www.almetal.de\/wordpress\/wp-content\/uploads\/2017\/11\/Solarium2-1024x768.jpg 1024w\" sizes=\"auto, (max-width: 300px) 100vw, 300px\" \/><\/a><figcaption id=\"caption-attachment-1360\" class=\"wp-caption-text\">Das Solarium<\/figcaption><\/figure>\n<figure id=\"attachment_1361\" aria-describedby=\"caption-attachment-1361\" style=\"width: 300px\" class=\"wp-caption alignleft\"><a href=\"http:\/\/www.almetal.de\/wordpress\/wp-content\/uploads\/2017\/11\/\u00dcberdachter-Putzplatz-1.jpg\"><img loading=\"lazy\" decoding=\"async\" class=\"wp-image-1361 size-medium\" src=\"http:\/\/www.almetal.de\/wordpress\/wp-content\/uploads\/2017\/11\/\u00dcberdachter-Putzplatz-1-300x225.jpg\" alt=\"\" width=\"300\" height=\"225\" srcset=\"https:\/\/www.almetal.de\/wordpress\/wp-content\/uploads\/2017\/11\/\u00dcberdachter-Putzplatz-1-300x225.jpg 300w, https:\/\/www.almetal.de\/wordpress\/wp-content\/uploads\/2017\/11\/\u00dcberdachter-Putzplatz-1-768x576.jpg 768w, https:\/\/www.almetal.de\/wordpress\/wp-content\/uploads\/2017\/11\/\u00dcberdachter-Putzplatz-1-1024x768.jpg 1024w\" sizes=\"auto, (max-width: 300px) 100vw, 300px\" \/><\/a><figcaption id=\"caption-attachment-1361\" class=\"wp-caption-text\">\u00dcberdachte Putzpl\u00e4tze<\/figcaption><\/figure>\n<figure id=\"attachment_1362\" aria-describedby=\"caption-attachment-1362\" style=\"width: 225px\" class=\"wp-caption alignleft\"><a href=\"http:\/\/www.almetal.de\/wordpress\/wp-content\/uploads\/2017\/11\/waschplatz.jpg\"><img loading=\"lazy\" decoding=\"async\" class=\"wp-image-1362 size-medium\" src=\"http:\/\/www.almetal.de\/wordpress\/wp-content\/uploads\/2017\/11\/waschplatz-e1511181589123-225x300.jpg\" alt=\"\" width=\"225\" height=\"300\" srcset=\"https:\/\/www.almetal.de\/wordpress\/wp-content\/uploads\/2017\/11\/waschplatz-e1511181589123-225x300.jpg 225w, https:\/\/www.almetal.de\/wordpress\/wp-content\/uploads\/2017\/11\/waschplatz-e1511181589123-768x1024.jpg 768w\" sizes=\"auto, (max-width: 225px) 100vw, 225px\" \/><\/a><figcaption id=\"caption-attachment-1362\" class=\"wp-caption-text\">Der Waschplatz mit Schlauchgalgen<\/figcaption><\/figure>\n<p>&nbsp;<\/p>\n<p>&nbsp;<\/p>\n<p>&nbsp;<\/p>\n","protected":false},"excerpt":{"rendered":"<p>Neben den Pl\u00e4tzen stehen unseren Einstellern folgende Ger\u00e4te und Anlagen zur Verf\u00fcgung: Laufband Solarium Waschmaschine f\u00fcr Pferdeartikel Reiterstube mit K\u00fcche moderne Sattelkammern \u00dcberdachte Putzpl\u00e4tze Waschst\u00e4nder [&#8230;]<\/p>\n","protected":false},"author":2,"featured_media":0,"parent":0,"menu_order":100,"comment_status":"closed","ping_status":"closed","template":"","meta":{"footnotes":""},"class_list":["post-1326","page","type-page","status-publish","hentry"],"_links":{"self":[{"href":"https:\/\/www.almetal.de\/wordpress\/index.php?rest_route=\/wp\/v2\/pages\/1326","targetHints":{"allow":["GET"]}}],"collection":[{"href":"https:\/\/www.almetal.de\/wordpress\/index.php?rest_route=\/wp\/v2\/pages"}],"about":[{"href":"https:\/\/www.almetal.de\/wordpress\/index.php?rest_route=\/wp\/v2\/types\/page"}],"author":[{"embeddable":true,"href":"https:\/\/www.almetal.de\/wordpress\/index.php?rest_route=\/wp\/v2\/users\/2"}],"replies":[{"embeddable":true,"href":"https:\/\/www.almetal.de\/wordpress\/index.php?rest_route=%2Fwp%2Fv2%2Fcomments&post=1326"}],"version-history":[{"count":6,"href":"https:\/\/www.almetal.de\/wordpress\/index.php?rest_route=\/wp\/v2\/pages\/1326\/revisions"}],"predecessor-version":[{"id":1377,"href":"https:\/\/www.almetal.de\/wordpress\/index.php?rest_route=\/wp\/v2\/pages\/1326\/revisions\/1377"}],"wp:attachment":[{"href":"https:\/\/www.almetal.de\/wordpress\/index.php?rest_route=%2Fwp%2Fv2%2Fmedia&parent=1326"}],"curies":[{"name":"wp","href":"https:\/\/api.w.org\/{rel}","templated":true}]}}