{"id":38,"date":"2011-11-20T11:37:13","date_gmt":"2011-11-20T11:37:13","guid":{"rendered":"http:\/\/www.almetal.de\/wordpress\/?page_id=38"},"modified":"2017-11-20T11:50:14","modified_gmt":"2017-11-20T11:50:14","slug":"reithalle","status":"publish","type":"page","link":"https:\/\/www.almetal.de\/wordpress\/?page_id=38","title":{"rendered":"Reithalle"},"content":{"rendered":"<p><a href=\"http:\/\/www.almetal.de\/wordpress\/wp-content\/uploads\/2011\/11\/Vina-und-Hof-008.jpg\"><img loading=\"lazy\" decoding=\"async\" class=\"alignleft size-medium wp-image-1332\" src=\"http:\/\/www.almetal.de\/wordpress\/wp-content\/uploads\/2011\/11\/Vina-und-Hof-008-300x225.jpg\" alt=\"\" width=\"300\" height=\"225\" srcset=\"https:\/\/www.almetal.de\/wordpress\/wp-content\/uploads\/2011\/11\/Vina-und-Hof-008-300x225.jpg 300w, https:\/\/www.almetal.de\/wordpress\/wp-content\/uploads\/2011\/11\/Vina-und-Hof-008-768x576.jpg 768w, https:\/\/www.almetal.de\/wordpress\/wp-content\/uploads\/2011\/11\/Vina-und-Hof-008-1024x768.jpg 1024w\" sizes=\"auto, (max-width: 300px) 100vw, 300px\" \/><\/a>Bei jedem Wetter reiten<br \/>\nSeit September 2008 steht die neu gebaute Reithalle unseren Reitsch\u00fclern, Einstellern, aber auch externen Nutzern zur Verf\u00fcgung.<\/p>\n<p>Die Halle kann f\u00fcr einmalige oder regelm\u00e4ssige Nutzung gemietet werden. Regelm\u00e4ssige Nutzung kann einmal die Woche oder beliebig oft mit drei reservierten Terminen pro Woche stattfinden. Maximal drei Reiter k\u00f6nnen gleichzeitig die Halle nutzen (und reservieren). Weitere Reiter d\u00fcrfen nur mit Zustimmung aller anderen einreiten.<\/p>\n<p>Reithalle auf dem Islandpferdehof Almetal Reitschule Regina Eckert Tel. 05060\/1882 in der Jahnstra\u00dfe 10-12 in Almstedt.<\/p>\n<figure id=\"attachment_158\" aria-describedby=\"caption-attachment-158\" style=\"width: 300px\" class=\"wp-caption alignleft\"><a href=\"http:\/\/www.almetal.de\/wordpress\/wp-content\/uploads\/2011\/12\/0442.jpg\"><img loading=\"lazy\" decoding=\"async\" class=\"size-medium wp-image-158\" src=\"http:\/\/www.almetal.de\/wordpress\/wp-content\/uploads\/2011\/12\/0442-300x224.jpg\" alt=\"Die Reithalle vor Weihnachten\" width=\"300\" height=\"224\" srcset=\"https:\/\/www.almetal.de\/wordpress\/wp-content\/uploads\/2011\/12\/0442-300x224.jpg 300w, https:\/\/www.almetal.de\/wordpress\/wp-content\/uploads\/2011\/12\/0442.jpg 803w\" sizes=\"auto, (max-width: 300px) 100vw, 300px\" \/><\/a><figcaption id=\"caption-attachment-158\" class=\"wp-caption-text\">Die Reithalle vor Weihnachten<\/figcaption><\/figure>\n<figure id=\"attachment_41\" aria-describedby=\"caption-attachment-41\" style=\"width: 300px\" class=\"wp-caption alignright\"><a href=\"http:\/\/www.almetal.de\/wordpress\/wp-content\/uploads\/2011\/11\/HPIM2636.jpg\"><img loading=\"lazy\" decoding=\"async\" class=\"size-medium wp-image-41\" title=\"Die Trib\u00fcne der Reithalle\" src=\"http:\/\/www.almetal.de\/wordpress\/wp-content\/uploads\/2011\/11\/HPIM2636-300x225.jpg\" alt=\"Die Trib\u00fcne der Reithalle\" width=\"300\" height=\"225\" srcset=\"https:\/\/www.almetal.de\/wordpress\/wp-content\/uploads\/2011\/11\/HPIM2636-300x225.jpg 300w, https:\/\/www.almetal.de\/wordpress\/wp-content\/uploads\/2011\/11\/HPIM2636.jpg 800w\" sizes=\"auto, (max-width: 300px) 100vw, 300px\" \/><\/a><figcaption id=\"caption-attachment-41\" class=\"wp-caption-text\">Die Trib\u00fcne der Reithalle<\/figcaption><\/figure>\n","protected":false},"excerpt":{"rendered":"<p>Bei jedem Wetter reiten Seit September 2008 steht die neu gebaute Reithalle unseren Reitsch\u00fclern, Einstellern, aber auch externen Nutzern zur Verf\u00fcgung. Die Halle kann f\u00fcr [&#8230;]<\/p>\n","protected":false},"author":1,"featured_media":0,"parent":0,"menu_order":93,"comment_status":"closed","ping_status":"closed","template":"","meta":{"footnotes":""},"class_list":["post-38","page","type-page","status-publish","hentry"],"_links":{"self":[{"href":"https:\/\/www.almetal.de\/wordpress\/index.php?rest_route=\/wp\/v2\/pages\/38","targetHints":{"allow":["GET"]}}],"collection":[{"href":"https:\/\/www.almetal.de\/wordpress\/index.php?rest_route=\/wp\/v2\/pages"}],"about":[{"href":"https:\/\/www.almetal.de\/wordpress\/index.php?rest_route=\/wp\/v2\/types\/page"}],"author":[{"embeddable":true,"href":"https:\/\/www.almetal.de\/wordpress\/index.php?rest_route=\/wp\/v2\/users\/1"}],"replies":[{"embeddable":true,"href":"https:\/\/www.almetal.de\/wordpress\/index.php?rest_route=%2Fwp%2Fv2%2Fcomments&post=38"}],"version-history":[{"count":15,"href":"https:\/\/www.almetal.de\/wordpress\/index.php?rest_route=\/wp\/v2\/pages\/38\/revisions"}],"predecessor-version":[{"id":1423,"href":"https:\/\/www.almetal.de\/wordpress\/index.php?rest_route=\/wp\/v2\/pages\/38\/revisions\/1423"}],"wp:attachment":[{"href":"https:\/\/www.almetal.de\/wordpress\/index.php?rest_route=%2Fwp%2Fv2%2Fmedia&parent=38"}],"curies":[{"name":"wp","href":"https:\/\/api.w.org\/{rel}","templated":true}]}}