{"id":682,"date":"2015-11-12T14:23:41","date_gmt":"2015-11-12T14:23:41","guid":{"rendered":"http:\/\/www.almetal.de\/wordpress\/?page_id=682"},"modified":"2025-04-07T19:41:22","modified_gmt":"2025-04-07T19:41:22","slug":"die-auslaeufe","status":"publish","type":"page","link":"https:\/\/www.almetal.de\/wordpress\/?page_id=682","title":{"rendered":"Die Ausl\u00e4ufe"},"content":{"rendered":"<p>Unsere Ausl\u00e4ufe und Stallungen erf\u00fcllen selbstverst\u00e4ndlich die Vorschriften zur artgerechten Tierhaltung:<\/p>\n<ul>\n<li>Unsere Anlage und unsere Pferdehaltung sind mit 5 Sternen ausgezeichnet. Almetal ist der erste Betrieb in Niedersachsen, der mit 5 Sternen durch den Islandpferde Reiter und Z\u00fcchterverband e.V. ausgezeichnet wurde.<\/li>\n<li>Neben der Vergabe der Sterne wurde hierbei die artgerechte Pferdehaltung zertifiziert.<\/li>\n<li>Beurteilung von Pferdehaltungen unter Tierschutzgesichtspunkten (BMEL 2009)<\/li>\n<li>Bemerkungen zur artgerechten Haltung von Islandpferde (IPZV 2009)<a href=\"http:\/\/www.almetal.de\/wordpress\/wp-content\/uploads\/2015\/11\/5-Sterne.jpg\"><img loading=\"lazy\" decoding=\"async\" class=\"wp-image-1044 size-medium alignright\" src=\"http:\/\/www.almetal.de\/wordpress\/wp-content\/uploads\/2015\/11\/5-Sterne-300x212.jpg\" alt=\"5-sterne\" width=\"300\" height=\"212\" srcset=\"https:\/\/www.almetal.de\/wordpress\/wp-content\/uploads\/2015\/11\/5-Sterne-300x212.jpg 300w, https:\/\/www.almetal.de\/wordpress\/wp-content\/uploads\/2015\/11\/5-Sterne-768x543.jpg 768w, https:\/\/www.almetal.de\/wordpress\/wp-content\/uploads\/2015\/11\/5-Sterne.jpg 857w\" sizes=\"auto, (max-width: 300px) 100vw, 300px\" \/><\/a><\/li>\n<li>Selbstverst\u00e4ndlich liegt eine entsprechende \u00a711-Genehmigung vor<\/li>\n<\/ul>\n<p>&nbsp;<\/p>\n<p>&nbsp;<\/p>\n<p>&nbsp;<\/p>\n<p>Sauberkeit und Service ist Grundlage guter Pferdehaltung:<\/p>\n<ul>\n<li>Alle Ausl\u00e4ufe werden t\u00e4glich gereinigt<\/li>\n<li>Alle Ausl\u00e4ufe verf\u00fcgen \u00fcber unterschiedliche feste Bodenbelege<\/li>\n<li>Alle Liegebereiche sind mit Liegematten aus Naturkautschuk ausgestattet<\/li>\n<\/ul>\n<p><a href=\"http:\/\/www.almetal.de\/wordpress\/wp-content\/uploads\/2015\/11\/Pensionspferdeauslauf.jpg\"><img loading=\"lazy\" decoding=\"async\" class=\"alignleft size-medium wp-image-697\" src=\"http:\/\/www.almetal.de\/wordpress\/wp-content\/uploads\/2015\/11\/Pensionspferdeauslauf-300x225.jpg\" alt=\"Pensionspferdeauslauf\" width=\"300\" height=\"225\" srcset=\"https:\/\/www.almetal.de\/wordpress\/wp-content\/uploads\/2015\/11\/Pensionspferdeauslauf-300x225.jpg 300w, https:\/\/www.almetal.de\/wordpress\/wp-content\/uploads\/2015\/11\/Pensionspferdeauslauf.jpg 320w\" sizes=\"auto, (max-width: 300px) 100vw, 300px\" \/><\/a><\/p>\n<p>&nbsp;<\/p>\n<div id=\"yui3-css-stamp\" style=\"position: absolute !important; visibility: hidden !important;\"><\/div>\n<p>&nbsp;<\/p>\n<p>&nbsp;<\/p>\n<p>&nbsp;<\/p>\n<p>&nbsp;<\/p>\n<p>&nbsp;<\/p>\n","protected":false},"excerpt":{"rendered":"<p>Unsere Ausl\u00e4ufe und Stallungen erf\u00fcllen selbstverst\u00e4ndlich die Vorschriften zur artgerechten Tierhaltung: Unsere Anlage und unsere Pferdehaltung sind mit 5 Sternen ausgezeichnet. Almetal ist der erste [&#8230;]<\/p>\n","protected":false},"author":2,"featured_media":0,"parent":35,"menu_order":0,"comment_status":"closed","ping_status":"closed","template":"","meta":{"footnotes":""},"class_list":["post-682","page","type-page","status-publish","hentry"],"_links":{"self":[{"href":"https:\/\/www.almetal.de\/wordpress\/index.php?rest_route=\/wp\/v2\/pages\/682","targetHints":{"allow":["GET"]}}],"collection":[{"href":"https:\/\/www.almetal.de\/wordpress\/index.php?rest_route=\/wp\/v2\/pages"}],"about":[{"href":"https:\/\/www.almetal.de\/wordpress\/index.php?rest_route=\/wp\/v2\/types\/page"}],"author":[{"embeddable":true,"href":"https:\/\/www.almetal.de\/wordpress\/index.php?rest_route=\/wp\/v2\/users\/2"}],"replies":[{"embeddable":true,"href":"https:\/\/www.almetal.de\/wordpress\/index.php?rest_route=%2Fwp%2Fv2%2Fcomments&post=682"}],"version-history":[{"count":10,"href":"https:\/\/www.almetal.de\/wordpress\/index.php?rest_route=\/wp\/v2\/pages\/682\/revisions"}],"predecessor-version":[{"id":2721,"href":"https:\/\/www.almetal.de\/wordpress\/index.php?rest_route=\/wp\/v2\/pages\/682\/revisions\/2721"}],"up":[{"embeddable":true,"href":"https:\/\/www.almetal.de\/wordpress\/index.php?rest_route=\/wp\/v2\/pages\/35"}],"wp:attachment":[{"href":"https:\/\/www.almetal.de\/wordpress\/index.php?rest_route=%2Fwp%2Fv2%2Fmedia&parent=682"}],"curies":[{"name":"wp","href":"https:\/\/api.w.org\/{rel}","templated":true}]}}