{"id":98,"date":"2011-11-21T08:58:38","date_gmt":"2011-11-21T08:58:38","guid":{"rendered":"http:\/\/www.almetal.de\/wordpress\/?page_id=98"},"modified":"2021-02-22T15:48:44","modified_gmt":"2021-02-22T15:48:44","slug":"links","status":"publish","type":"page","link":"https:\/\/www.almetal.de\/wordpress\/?page_id=98","title":{"rendered":"Reitwege"},"content":{"rendered":"<p>16 wundersch\u00f6ne Reitstrecken&nbsp;von uns in die Umgebung. Insgesamt 189,46 Kilometer Reitstrecke von 4 bis 21 Kilometer L\u00e4nge. Ob Tagesritt oder kurze Runde nach Feierabend. Wir zeigen hier Alternativen f\u00fcr jeden Ausritt. Das ganze geplant und visualisiert via GPSies.com Von. Ein Traum f\u00fcr jeden Reiter!<\/p>\n<p>&nbsp;<\/p>\n<ul>\n<li><a href=\"http:\/\/www.gpsies.com\/mapFolder.do?id=1372\">Reitstrecken ab Almstedt<\/a>: Auf der Interneseite GPSies.com haben wir eine Reihe von Reitstrecken ab Almstedt zusammengestellt.<\/li>\n<\/ul>\n<p>&nbsp;<\/p>\n<p>Hier haben wir eine Reihe weiterer interessanter Links zusammengestellt<\/p>\n<ul>\n<li><a href=\"http:\/\/www.berlin2013.de\">WM Berlin 2013<\/a>: Carsten Eckert organisiert mit seiner Easy Top Event GmbH die Islandpferde WM 2013 in Berlin<\/li>\n<li><a href=\"http:\/\/www.ipf-hi.de\">Islandpferdefreude Hildesheimer Wald e.V.: <\/a>Der \u00f6rtliche Islandpferdeverein. Viele Veranstaltungen finden auf dem Islandpferdehof Almetal statt. So findet z.B. j\u00e4hrlich die Islandpferdekreismeisterschaft Anfang Oktober hier statt.<\/li>\n<li><a href=\"http:\/\/www.ipzv.de\">IPZV<\/a>: Der Bundesverband der Islandpferdereiter und -z\u00fcchter.<\/li>\n<li><a href=\"http:\/\/www.facebook.com\/pages\/Islandpferdehof-Almetal\/188234251208481\">Unsere Facebookseite<\/a><\/li>\n<\/ul>\n","protected":false},"excerpt":{"rendered":"<p>16 wundersch\u00f6ne Reitstrecken&nbsp;von uns in die Umgebung. Insgesamt 189,46 Kilometer Reitstrecke von 4 bis 21 Kilometer L\u00e4nge. Ob Tagesritt oder kurze Runde nach Feierabend. Wir [&#8230;]<\/p>\n","protected":false},"author":1,"featured_media":0,"parent":699,"menu_order":78,"comment_status":"closed","ping_status":"closed","template":"","meta":{"footnotes":""},"class_list":["post-98","page","type-page","status-publish","hentry"],"_links":{"self":[{"href":"https:\/\/www.almetal.de\/wordpress\/index.php?rest_route=\/wp\/v2\/pages\/98","targetHints":{"allow":["GET"]}}],"collection":[{"href":"https:\/\/www.almetal.de\/wordpress\/index.php?rest_route=\/wp\/v2\/pages"}],"about":[{"href":"https:\/\/www.almetal.de\/wordpress\/index.php?rest_route=\/wp\/v2\/types\/page"}],"author":[{"embeddable":true,"href":"https:\/\/www.almetal.de\/wordpress\/index.php?rest_route=\/wp\/v2\/users\/1"}],"replies":[{"embeddable":true,"href":"https:\/\/www.almetal.de\/wordpress\/index.php?rest_route=%2Fwp%2Fv2%2Fcomments&post=98"}],"version-history":[{"count":13,"href":"https:\/\/www.almetal.de\/wordpress\/index.php?rest_route=\/wp\/v2\/pages\/98\/revisions"}],"predecessor-version":[{"id":1997,"href":"https:\/\/www.almetal.de\/wordpress\/index.php?rest_route=\/wp\/v2\/pages\/98\/revisions\/1997"}],"up":[{"embeddable":true,"href":"https:\/\/www.almetal.de\/wordpress\/index.php?rest_route=\/wp\/v2\/pages\/699"}],"wp:attachment":[{"href":"https:\/\/www.almetal.de\/wordpress\/index.php?rest_route=%2Fwp%2Fv2%2Fmedia&parent=98"}],"curies":[{"name":"wp","href":"https:\/\/api.w.org\/{rel}","templated":true}]}}